{"id":6917,"date":"2015-12-02T10:51:51","date_gmt":"2015-12-02T08:51:51","guid":{"rendered":"https:\/\/drnikosnaoum.com\/dr-naoum\/"},"modified":"2020-09-22T12:19:14","modified_gmt":"2020-09-22T09:19:14","slug":"dr-naoum","status":"publish","type":"page","link":"https:\/\/drnikosnaoum.com\/ro\/dr-naoum\/","title":{"rendered":"Dr. Naoum"},"content":{"rendered":"<p><div class=\"fusion-fullwidth fullwidth-box fusion-builder-row-1 nonhundred-percent-fullwidth non-hundred-percent-height-scrolling\" style=\"--awb-background-position:left top;--awb-border-radius-top-left:0px;--awb-border-radius-top-right:0px;--awb-border-radius-bottom-right:0px;--awb-border-radius-bottom-left:0px;--awb-padding-top:30px;--awb-border-sizes-top:0px;--awb-border-sizes-bottom:0px;\" ><div class=\"fusion-builder-row fusion-row\"><div class=\"fusion-layout-column fusion_builder_column fusion-builder-column-0 fusion_builder_column_1_1 1_1 fusion-one-full fusion-column-first fusion-column-last\" style=\"--awb-bg-size:cover;--awb-margin-bottom:30px;\"><div class=\"fusion-column-wrapper fusion-flex-column-wrapper-legacy\"><div class=\"fusion-text fusion-text-1 justify\"><div class=\"fusion-image-element fusion-image-align-left in-legacy-container\" style=\"text-align:left;--awb-caption-title-font-family:var(--h2_typography-font-family);--awb-caption-title-font-weight:var(--h2_typography-font-weight);--awb-caption-title-font-style:var(--h2_typography-font-style);--awb-caption-title-size:var(--h2_typography-font-size);--awb-caption-title-transform:var(--h2_typography-text-transform);--awb-caption-title-line-height:var(--h2_typography-line-height);--awb-caption-title-letter-spacing:var(--h2_typography-letter-spacing);\"><span class=\" fusion-imageframe imageframe-dropshadow imageframe-1 hover-type-none\" style=\"border:1px solid #ffffff;border-radius:2px 2px;-webkit-box-shadow: 3px 3px 7px rgba(51,60,78,0.3);box-shadow: 3px 3px 7px rgba(51,60,78,0.3);margin-right:25px;float:left;\" class=\"image-magnify\" class=\"image-scroll\"><img decoding=\"async\" width=\"400\" height=\"292\" title=\"DrNaoum\" src=\"https:\/\/drnikosnaoum.com\/wp-content\/uploads\/2020\/07\/DrNaoum-1.jpg\" alt class=\"img-responsive wp-image-8578\" srcset=\"https:\/\/drnikosnaoum.com\/wp-content\/uploads\/2020\/07\/DrNaoum-1-200x146.jpg 200w, https:\/\/drnikosnaoum.com\/wp-content\/uploads\/2020\/07\/DrNaoum-1.jpg 400w\" sizes=\"(max-width: 1000px) 100vw, 400px\" \/><\/span><\/div>\n<h3>Dragi prieteni,<\/h3>\n<p><em>Bun venit \u00een lumea noastr\u0103 online \u0219i v\u0103 mul\u021bumim pentru timpul acordat! \u00cen lumea fascinant\u0103 a bun\u0103st\u0103rii globale, medicina estetic\u0103 se refer\u0103 la mult mai mult dec\u00e2t la restaurarea estetic\u0103 a fe\u021bei \u0219i a anumitor p\u0103r\u021bi ale corpului fiec\u0103rei femei. Tratamentul estetic \u0219i func\u021bional al vulvei feminine este noua tendin\u021b\u0103 \u00een plin\u0103 expansiune, at\u00e2t \u00een \u200b\u200bSUA, c\u00e2t \u0219i \u00een \u00eentreaga lume.<\/em><\/p>\n<p><em>Semnele naturale ale \u00eemb\u0103tr\u00e2nirii devin evidente pentru fiecare femeie, \u00een cele din urm\u0103 pentru fiecare femeie modern\u0103 care dore\u0219te s\u0103 r\u0103m\u00e2n\u0103 t\u00e2n\u0103r\u0103 \u0219i activ\u0103 sexual. \u00centinerirea vaginal\u0103 abordeaz\u0103 consecin\u021bele procesului natural de \u00eemb\u0103tr\u00e2nire oferind solu\u021bii care ajut\u0103 la redob\u00e2ndirea tinere\u021bii vaginului.<\/em><\/p>\n<p><em>Pe m\u0103sur\u0103 ce \u00eemb\u0103tr\u00e2nim, corpul nostru produce mai pu\u021bin colagen, astfel \u00eenc\u00e2t pierdem treptat volum \u00een pielea \u0219i \u021besuturile noastre. \u00cen plus, atunci c\u00e2nd acest fapt este combinat cu sarcina, na\u0219terea \u0219i modific\u0103rile hormonale, observ\u0103m deseori modific\u0103ri ale aspectului \u0219i func\u021bionalit\u0103\u021bii zonei genitale feminine. Concentr\u00e2ndu-ne exclusiv pe ginecologia estetic\u0103, echipa mea \u0219i cu mine, suntem dedica\u021bi s\u0103 avem atent\u00e3 grij\u0103 de fiecare femeie \u00een parte, \u00een func\u021bie de nevoile \u0219i dorin\u021bele proprii.<\/em><\/p>\n<p><em>Propun\u00e2nd \u0219i aleg\u00e2nd un plan adecvat de tratament, suntem capabili s\u0103 restabilim elasticitatea \u0219i aspectul tineresc al zonei genitale, oferind fiec\u0103rei femei posibilitatea de a se bucura de activit\u0103\u021bile sale cotidiene normale \u0219i de o via\u021b\u0103 erotic\u0103 satisf\u0103c\u0103toare, f\u0103r\u0103 preocup\u0103ri func\u021bionale \u0219i estetice.<\/em><\/p>\n<p><em>V\u0103 invit\u0103m s\u0103 naviga\u021bi pe site-ul nostru \u0219i s\u0103 afla\u021bi mai multe despre solu\u021biile medicale exclusive pe care le poate oferi ast\u0103zi Ginecologia Estetic\u0103. \u0218i, desigur, vom fi bucuro\u0219i s\u0103 discut\u0103m cu dvs. despre orice v\u0103 preocup\u0103.<\/em><\/p>\n<p style=\"text-align: right;\">Cu sinceritate<br \/>\n\u2013 <strong><em>Nikolaos Naoum MD<\/em><\/strong><\/p>\n<p><div class=\"fusion-fullwidth fullwidth-box fusion-builder-row-1-1 nonhundred-percent-fullwidth non-hundred-percent-height-scrolling\" style=\"--awb-border-radius-top-left:0px;--awb-border-radius-top-right:0px;--awb-border-radius-bottom-right:0px;--awb-border-radius-bottom-left:0px;\" ><\/div><div class=\"fusion-builder-row fusion-row\"><\/div><\/p>\n<\/div><div class=\"fusion-clearfix\"><\/div><\/div><\/div><\/div><\/div><div class=\"fusion-fullwidth fullwidth-box fusion-builder-row-2 hundred-percent-fullwidth non-hundred-percent-height-scrolling\" style=\"--awb-border-radius-top-left:0px;--awb-border-radius-top-right:0px;--awb-border-radius-bottom-right:0px;--awb-border-radius-bottom-left:0px;--awb-background-color:#faf9f8;\" ><div class=\"fusion-builder-row fusion-row\"><div class=\"fusion-layout-column fusion_builder_column fusion-builder-column-1 fusion_builder_column_1_1 1_1 fusion-one-full fusion-column-first fusion-column-last fusion-column-no-min-height\" style=\"--awb-bg-size:cover;--awb-margin-top:0px;--awb-margin-bottom:30px;\"><div class=\"fusion-column-wrapper fusion-flex-column-wrapper-legacy\"><div class=\"fusion-section-separator section-separator bigtriangle fusion-section-separator-1\" style=\"--awb-spacer-height:99px;--awb-svg-margin-left:0;--awb-svg-margin-right:0;--awb-divider-height:99px;--awb-spacer-padding-top:inherit;--awb-sep-padding:0;--awb-svg-padding:0;\"><div class=\"fusion-section-separator-svg\"><svg class=\"fusion-big-triangle-candy\" xmlns=\"http:\/\/www.w3.org\/2000\/svg\" version=\"1.1\" width=\"100%\" height=\"100\" viewBox=\"0 0 100 100\" preserveAspectRatio=\"none\" fill=\"rgba(255,255,255,1)\"><path d=\"M-1 -1 L50 99 L101 -1 Z\"><\/path><\/svg><\/div><div class=\"fusion-section-separator-spacer\"><div class=\"fusion-section-separator-spacer-height\"><\/div><\/div><\/div><div class=\"fusion-clearfix\"><\/div><\/div><\/div><\/div><\/div><div class=\"fusion-fullwidth fullwidth-box fusion-builder-row-3 nonhundred-percent-fullwidth non-hundred-percent-height-scrolling\" style=\"--awb-background-position:left top;--awb-border-radius-top-left:0px;--awb-border-radius-top-right:0px;--awb-border-radius-bottom-right:0px;--awb-border-radius-bottom-left:0px;--awb-padding-top:55px;--awb-padding-bottom:50px;--awb-background-color:#faf9f8;--awb-border-sizes-top:0px;--awb-border-sizes-bottom:0px;\" ><div class=\"fusion-builder-row fusion-row\"><div class=\"fusion-layout-column fusion_builder_column fusion-builder-column-2 fusion_builder_column_1_1 1_1 fusion-one-full fusion-column-first fusion-column-last\" style=\"--awb-bg-size:cover;\"><div class=\"fusion-column-wrapper fusion-flex-column-wrapper-legacy\"><div class=\"fusion-title title fusion-title-1 fusion-sep-none fusion-title-text fusion-title-size-two\"><h2 class=\"title-heading-left fusion-responsive-typography-calculated\" style=\"margin:0;--fontSize:34;line-height:1.47;\"><strong>CURRICULUM VITAE<\/strong><\/h2><\/div><div class=\"fusion-sep-clear\"><\/div><div class=\"fusion-separator fusion-clearfix\" style=\"float:left;margin-bottom:10px;width:100%;max-width:170px;\"><div class=\"fusion-separator-border sep-single sep-solid\" style=\"--awb-height:20px;--awb-amount:20px;--awb-sep-color:#d27fa4;border-color:#d27fa4;border-top-width:1px;\"><\/div><\/div><div class=\"fusion-sep-clear\"><\/div><div class=\"fusion-text fusion-text-2\"><p>Dr. Naoum este lider \u00een procedurile de \u00eentinerire genital\u0103 feminin\u0103 \u0219i chirurgie. \u00cen calitate de chirurg ginecolog \u0219i membru al Societ\u0103\u021bii Elene de Obstetric\u0103 \u0219i Ginecologie, Dr. Naoum ofer\u0103 cele mai noi \u0219i mai inovatoare tehnici \u00een domeniul evolu\u021biei chirurgiei vaginale cosmetice. Ginecologia cosmetic\u0103 este un domeniu care le permite femeilor s\u0103-\u0219i recapete \u00eencrederea \u00een sine, elimin\u00e2nd preocup\u0103rile estetice cu privire la aspectul vaginal. Este important ca femeile s\u0103 se simt\u0103 c\u00e2t mai sigure \u0219i satisf\u0103cute \u00een sexualitatea lor, iar echipa experimentat\u0103 a Dr. Naoum este aici pentru a v\u0103 ajuta.<\/p>\n<p>Centrul nostru medical, \u201eAnaneosi\u201d, este unul dintre pu\u021binele, care ofer\u0103 aceste proceduri care cresc \u00eencrederea femeilor. Dr. Naoum a tratat pacien\u021bi din toat\u0103 Europa. Clientela sa include, de asemenea, celebrit\u0103\u021bi, directori de afaceri, oameni de \u0219tiin\u021b\u0103 \u0219i profesioni\u0219ti din mai multe domenii. Procedurile sale de semn\u0103tur\u0103 au fost dezvoltate ca r\u0103spuns la ascultarea tuturor pacien\u021bilor s\u0103i. Aceste proceduri de ultim\u0103 genera\u021bie sunt \u00eentinerirea vaginal\u0103 cu laser (VAGITENSE), vaginoplastia, labiaplastia \u0219i reducerea avansat\u0103 a capotei clitorisului (tehnica cu o singur\u0103 t\u0103iere).<\/p>\n<p>Experienta profesional\u00e3<\/p>\n<p><strong>\u00centinerire \u0219i ginecologie cosmetic\u0103<br \/>\n<\/strong>Fondator \u0219i director medical al Clinicii Medicale \u201eAnaneosi\u201d<br \/>\nIanuarie 2009 &#8211; prezent<\/p>\n<p><strong>Clinica de obstetric\u0103 \u0219i ginecologie privat\u0103<br \/>\n<\/strong>Fondator \u0219i director medical<br \/>\nIan 1994 &#8211; ianuarie 2009<\/p>\n<p><strong>Centre laser &#8222;bodyline&#8221;<br \/>\n<\/strong>Director medical al centrelor laser \u201eBodyline\u201d<br \/>\nIanuarie 2003 &#8211; ianuarie 2008<\/p>\n<p><strong>Educa\u0163ie<\/strong><\/p>\n<p>Universitatea na\u021bional\u0103 \u0219i kapodistrian\u0103 a \u0218colii medicale din Atena<\/p>\n<ul>\n<li>Candidat de doctorat de grad \u201eStroma Ovvary &#8211; PCOS\u201d<\/li>\n<li>Specializat \u00een activit\u0103\u021bi \u0219i societ\u0103\u021bi de endocrinologie ginecologic\u0103<\/li>\n<\/ul>\n<p><strong>Organiza\u0163ii<\/strong><\/p>\n<p>Pre\u0219edinte &#8211; <a href=\"http:\/\/ekeg.gr\/\">Asocia\u021bia greac\u0103 de ginecologie cosmetic\u0103 \u0219i reconstructiv\u0103<\/a><br \/>\nMembru superior &#8211; <a href=\"https:\/\/esag.org\/\">ESAG (Societatea European\u0103 de Ginecologie Estetic\u0103)<\/a><br \/>\nMembru senior \u0219i chirurg acreditat \u00een Cipru<br \/>\nMembru de onoare &#8211; Societatea Elen\u00e3 de cancer<br \/>\nMembru fondator &#8211; Asocia\u021bia elen\u00e3 de laparoscopie<br \/>\nMembru de onoare &#8211; Societatea Obstetric\u0103 \u0219i Ginecologic\u0103 Elen\u0103<\/p>\n<p><strong>Onoruri \u0219i distinc\u021bii<\/strong><\/p>\n<p>Premiu pentru afaceri \u00een s\u0103n\u0103tate 2016 pentru responsabilitate social\u0103 corporativ\u0103 (prevenirea femeilor)<br \/>\nPremiul pentru afaceri \u00een s\u0103n\u0103tate 2018 pentru turism medical (Make Make Mom)<\/p>\n<\/div><div class=\"fusion-clearfix\"><\/div><\/div><\/div><\/div><\/div><div class=\"fusion-fullwidth fullwidth-box fusion-builder-row-4 hundred-percent-fullwidth non-hundred-percent-height-scrolling fusion-equal-height-columns\" style=\"--awb-border-radius-top-left:0px;--awb-border-radius-top-right:0px;--awb-border-radius-bottom-right:0px;--awb-border-radius-bottom-left:0px;--awb-padding-top:10px;--awb-padding-bottom:10px;--awb-background-color:#f7f5f4;--awb-border-sizes-top:1px;--awb-border-sizes-bottom:1px;\" ><div class=\"fusion-builder-row fusion-row\"><div class=\"fusion-layout-column fusion_builder_column fusion-builder-column-3 fusion_builder_column_1_1 1_1 fusion-one-full fusion-column-first fusion-column-last fusion-column-no-min-height\" style=\"--awb-bg-size:cover;\"><div class=\"fusion-column-wrapper fusion-column-has-shadow fusion-flex-column-wrapper-legacy\"><div class=\"fusion-column-content-centered\"><div class=\"fusion-column-content\"><div class=\"fusion-image-carousel fusion-image-carousel-fixed fusion-image-carousel-1 mb-0\"><div class=\"awb-carousel awb-swiper awb-swiper-carousel\" data-autoplay=\"yes\" data-columns=\"6\" data-itemmargin=\"13\" data-itemwidth=\"180\" data-touchscroll=\"no\" data-imagesize=\"fixed\" style=\"--awb-columns:6;\"><div class=\"swiper-wrapper awb-image-carousel-wrapper fusion-flex-align-items-center\"><div class=\"swiper-slide\"><div class=\"fusion-carousel-item-wrapper\"><div class=\"fusion-image-wrapper hover-type-none\"><a href=\"http:\/\/www.iscgyn.com\/\" target=\"_blank\" rel=\"noopener noreferrer\"><img decoding=\"async\" width=\"100\" height=\"100\" src=\"https:\/\/drnikosnaoum.com\/wp-content\/uploads\/2019\/05\/iscgyn.png\" class=\"attachment-blog-medium size-blog-medium\" alt=\"iscgyn\" \/><\/a><\/div><\/div><\/div><div class=\"swiper-slide\"><div class=\"fusion-carousel-item-wrapper\"><div class=\"fusion-image-wrapper hover-type-none\"><a href=\"http:\/\/www.esag.org\/\" target=\"_blank\" rel=\"noopener noreferrer\"><img decoding=\"async\" width=\"99\" height=\"100\" src=\"https:\/\/drnikosnaoum.com\/wp-content\/uploads\/2019\/05\/ESAGx100.png\" class=\"attachment-blog-medium size-blog-medium\" alt=\"esag\" \/><\/a><\/div><\/div><\/div><div class=\"swiper-slide\"><div class=\"fusion-carousel-item-wrapper\"><div class=\"fusion-image-wrapper hover-type-none\"><a href=\"http:\/\/ekeg.gr\/\" target=\"_blank\" rel=\"noopener noreferrer\"><img decoding=\"async\" width=\"120\" height=\"100\" src=\"https:\/\/drnikosnaoum.com\/wp-content\/uploads\/2019\/05\/EKEGx100.png\" class=\"attachment-blog-medium size-blog-medium\" alt=\"ekeg\" \/><\/a><\/div><\/div><\/div><div class=\"swiper-slide\"><div class=\"fusion-carousel-item-wrapper\"><div class=\"fusion-image-wrapper hover-type-none\"><img decoding=\"async\" width=\"113\" height=\"100\" src=\"https:\/\/drnikosnaoum.com\/wp-content\/uploads\/2019\/05\/cl-30-17030-100px.png\" class=\"attachment-blog-medium size-blog-medium\" alt=\"ISO\" \/><\/div><\/div><\/div><div class=\"swiper-slide\"><div class=\"fusion-carousel-item-wrapper\"><div class=\"fusion-image-wrapper hover-type-none\"><a href=\"https:\/\/greekhealthtourism.gr\/\" target=\"_blank\" rel=\"noopener noreferrer\"><img decoding=\"async\" width=\"96\" height=\"100\" src=\"https:\/\/drnikosnaoum.com\/wp-content\/uploads\/2019\/05\/tourismoux100.png\" class=\"attachment-blog-medium size-blog-medium\" alt=\"greekhealthtourism\" \/><\/a><\/div><\/div><\/div><div class=\"swiper-slide\"><div class=\"fusion-carousel-item-wrapper\"><div class=\"fusion-image-wrapper hover-type-none\"><a href=\"https:\/\/www.elitour.org\/\" target=\"_blank\" rel=\"noopener noreferrer\"><img decoding=\"async\" width=\"84\" height=\"100\" src=\"https:\/\/drnikosnaoum.com\/wp-content\/uploads\/2019\/05\/elitour.png\" class=\"attachment-blog-medium size-blog-medium\" alt=\"elitour\" \/><\/a><\/div><\/div><\/div><div class=\"swiper-slide\"><div class=\"fusion-carousel-item-wrapper\"><div class=\"fusion-image-wrapper hover-type-none\"><a href=\"http:\/\/www.healthcareawards.gr\/_pdf\/healthcare_business_awards_2018.pdf\" target=\"_blank\" rel=\"noopener noreferrer\"><img decoding=\"async\" width=\"83\" height=\"100\" src=\"https:\/\/drnikosnaoum.com\/wp-content\/uploads\/2019\/05\/HBA_Silverx100.png\" class=\"attachment-blog-medium size-blog-medium\" alt=\"healthcare_business_awards_2018\" \/><\/a><\/div><\/div><\/div><div class=\"swiper-slide\"><div class=\"fusion-carousel-item-wrapper\"><div class=\"fusion-image-wrapper hover-type-none\"><a href=\"http:\/\/www.healthcareawards.gr\/_pdf\/healthcare_business_awards_2016.pdf\" target=\"_blank\" rel=\"noopener noreferrer\"><img decoding=\"async\" width=\"83\" height=\"100\" src=\"https:\/\/drnikosnaoum.com\/wp-content\/uploads\/2019\/05\/HBA_Bronzex100.png\" class=\"attachment-blog-medium size-blog-medium\" alt=\"healthcare_business_awards_2016\" \/><\/a><\/div><\/div><\/div><div class=\"swiper-slide\"><div class=\"fusion-carousel-item-wrapper\"><div class=\"fusion-image-wrapper hover-type-none\"><a href=\"https:\/\/drnikosnaoum.com\/wp-content\/uploads\/2019\/11\/SALUS-INTEX-AWARDS-2019.pdf\" target=\"_blank\" rel=\"noopener noreferrer\"><img decoding=\"async\" width=\"120\" height=\"100\" src=\"https:\/\/drnikosnaoum.com\/wp-content\/uploads\/2019\/11\/salus-2019.png\" class=\"attachment-blog-medium size-blog-medium\" alt=\"Salus Index 2019\" \/><\/a><\/div><\/div><\/div><\/div><\/div><\/div><\/div><\/div><div class=\"fusion-clearfix\"><\/div><\/div><\/div><\/div><\/div><\/p>\n","protected":false},"excerpt":{"rendered":"","protected":false},"author":117,"featured_media":0,"parent":0,"menu_order":0,"comment_status":"closed","ping_status":"closed","template":"100-width.php","meta":{"inline_featured_image":false,"footnotes":"","_links_to":"","_links_to_target":""},"yoast_head":"<!-- This site is optimized with the Yoast SEO Premium plugin v22.3 (Yoast SEO v22.3) - https:\/\/yoast.com\/wordpress\/plugins\/seo\/ -->\n<title>Dr. Naoum - \u0394\u03c1. \u039d\u03af\u03ba\u03bf\u03c2 \u039d\u03b1\u03bf\u03cd\u03bc<\/title>\n<meta name=\"robots\" content=\"index, follow, max-snippet:-1, max-image-preview:large, max-video-preview:-1\" \/>\n<link rel=\"canonical\" href=\"https:\/\/drnikosnaoum.com\/ro\/dr-naoum\/\" \/>\n<meta property=\"og:locale\" content=\"ro_RO\" \/>\n<meta property=\"og:type\" content=\"article\" \/>\n<meta property=\"og:title\" content=\"Dr. Naoum\" \/>\n<meta property=\"og:url\" content=\"https:\/\/drnikosnaoum.com\/ro\/dr-naoum\/\" \/>\n<meta property=\"og:site_name\" content=\"\u0394\u03c1. \u039d\u03af\u03ba\u03bf\u03c2 \u039d\u03b1\u03bf\u03cd\u03bc\" \/>\n<meta property=\"article:publisher\" content=\"https:\/\/www.facebook.com\/nikosnaoum.gr\" \/>\n<meta property=\"article:modified_time\" content=\"2020-09-22T09:19:14+00:00\" \/>\n<meta name=\"twitter:card\" content=\"summary_large_image\" \/>\n<meta name=\"twitter:label1\" content=\"Timp estimat pentru citire\" \/>\n\t<meta name=\"twitter:data1\" content=\"11 minute\" \/>\n<script type=\"application\/ld+json\" class=\"yoast-schema-graph\">{\"@context\":\"https:\/\/schema.org\",\"@graph\":[{\"@type\":\"WebPage\",\"@id\":\"https:\/\/drnikosnaoum.com\/ro\/dr-naoum\/\",\"url\":\"https:\/\/drnikosnaoum.com\/ro\/dr-naoum\/\",\"name\":\"Dr. Naoum - \u0394\u03c1. \u039d\u03af\u03ba\u03bf\u03c2 \u039d\u03b1\u03bf\u03cd\u03bc\",\"isPartOf\":{\"@id\":\"https:\/\/drnikosnaoum.com\/#website\"},\"datePublished\":\"2015-12-02T08:51:51+00:00\",\"dateModified\":\"2020-09-22T09:19:14+00:00\",\"breadcrumb\":{\"@id\":\"https:\/\/drnikosnaoum.com\/ro\/dr-naoum\/#breadcrumb\"},\"inLanguage\":\"ro-RO\",\"potentialAction\":[{\"@type\":\"ReadAction\",\"target\":[\"https:\/\/drnikosnaoum.com\/ro\/dr-naoum\/\"]}]},{\"@type\":\"BreadcrumbList\",\"@id\":\"https:\/\/drnikosnaoum.com\/ro\/dr-naoum\/#breadcrumb\",\"itemListElement\":[{\"@type\":\"ListItem\",\"position\":1,\"name\":\"Home\",\"item\":\"https:\/\/drnikosnaoum.com\/ro\/\"},{\"@type\":\"ListItem\",\"position\":2,\"name\":\"Dr. Naoum\"}]},{\"@type\":\"WebSite\",\"@id\":\"https:\/\/drnikosnaoum.com\/#website\",\"url\":\"https:\/\/drnikosnaoum.com\/\",\"name\":\"\u0394\u03c1. \u039d\u03af\u03ba\u03bf\u03c2 \u039d\u03b1\u03bf\u03cd\u03bc\",\"description\":\"\u0391\u03b9\u03c3\u03b8\u03b7\u03c4\u03b9\u03ba\u03ae &amp; \u0395\u03c0\u03b1\u03bd\u03bf\u03c1\u03b8\u03c9\u03c4\u03b9\u03ba\u03ae \u0393\u03c5\u03bd\u03b1\u03b9\u03ba\u03bf\u03bb\u03bf\u03b3\u03af\u03b1\",\"publisher\":{\"@id\":\"https:\/\/drnikosnaoum.com\/#organization\"},\"potentialAction\":[{\"@type\":\"SearchAction\",\"target\":{\"@type\":\"EntryPoint\",\"urlTemplate\":\"https:\/\/drnikosnaoum.com\/?s={search_term_string}\"},\"query-input\":\"required name=search_term_string\"}],\"inLanguage\":\"ro-RO\"},{\"@type\":\"Organization\",\"@id\":\"https:\/\/drnikosnaoum.com\/#organization\",\"name\":\"\u0394\u03c1. \u039d\u03af\u03ba\u03bf\u03c2 \u039d\u03b1\u03bf\u03cd\u03bc\",\"url\":\"https:\/\/drnikosnaoum.com\/\",\"logo\":{\"@type\":\"ImageObject\",\"inLanguage\":\"ro-RO\",\"@id\":\"https:\/\/drnikosnaoum.com\/#\/schema\/logo\/image\/\",\"url\":\"https:\/\/drnikosnaoum.com\/wp-content\/uploads\/2019\/05\/logo-drnikosnaoum-75.png\",\"contentUrl\":\"https:\/\/drnikosnaoum.com\/wp-content\/uploads\/2019\/05\/logo-drnikosnaoum-75.png\",\"width\":148,\"height\":75,\"caption\":\"\u0394\u03c1. \u039d\u03af\u03ba\u03bf\u03c2 \u039d\u03b1\u03bf\u03cd\u03bc\"},\"image\":{\"@id\":\"https:\/\/drnikosnaoum.com\/#\/schema\/logo\/image\/\"},\"sameAs\":[\"https:\/\/www.facebook.com\/nikosnaoum.gr\",\"https:\/\/instagram.com\/dr.nikosnaoum\",\"https:\/\/gr.linkedin.com\/in\/dr-nikos-naoum-29b81b172\",\"https:\/\/www.youtube.com\/channel\/UC5lJ6AOFQkPNJ4cernfQTSA\"]}]}<\/script>\n<!-- \/ Yoast SEO Premium plugin. -->","yoast_head_json":{"title":"Dr. Naoum - \u0394\u03c1. \u039d\u03af\u03ba\u03bf\u03c2 \u039d\u03b1\u03bf\u03cd\u03bc","robots":{"index":"index","follow":"follow","max-snippet":"max-snippet:-1","max-image-preview":"max-image-preview:large","max-video-preview":"max-video-preview:-1"},"canonical":"https:\/\/drnikosnaoum.com\/ro\/dr-naoum\/","og_locale":"ro_RO","og_type":"article","og_title":"Dr. Naoum","og_url":"https:\/\/drnikosnaoum.com\/ro\/dr-naoum\/","og_site_name":"\u0394\u03c1. \u039d\u03af\u03ba\u03bf\u03c2 \u039d\u03b1\u03bf\u03cd\u03bc","article_publisher":"https:\/\/www.facebook.com\/nikosnaoum.gr","article_modified_time":"2020-09-22T09:19:14+00:00","twitter_card":"summary_large_image","twitter_misc":{"Timp estimat pentru citire":"11 minute"},"schema":{"@context":"https:\/\/schema.org","@graph":[{"@type":"WebPage","@id":"https:\/\/drnikosnaoum.com\/ro\/dr-naoum\/","url":"https:\/\/drnikosnaoum.com\/ro\/dr-naoum\/","name":"Dr. Naoum - \u0394\u03c1. \u039d\u03af\u03ba\u03bf\u03c2 \u039d\u03b1\u03bf\u03cd\u03bc","isPartOf":{"@id":"https:\/\/drnikosnaoum.com\/#website"},"datePublished":"2015-12-02T08:51:51+00:00","dateModified":"2020-09-22T09:19:14+00:00","breadcrumb":{"@id":"https:\/\/drnikosnaoum.com\/ro\/dr-naoum\/#breadcrumb"},"inLanguage":"ro-RO","potentialAction":[{"@type":"ReadAction","target":["https:\/\/drnikosnaoum.com\/ro\/dr-naoum\/"]}]},{"@type":"BreadcrumbList","@id":"https:\/\/drnikosnaoum.com\/ro\/dr-naoum\/#breadcrumb","itemListElement":[{"@type":"ListItem","position":1,"name":"Home","item":"https:\/\/drnikosnaoum.com\/ro\/"},{"@type":"ListItem","position":2,"name":"Dr. Naoum"}]},{"@type":"WebSite","@id":"https:\/\/drnikosnaoum.com\/#website","url":"https:\/\/drnikosnaoum.com\/","name":"\u0394\u03c1. \u039d\u03af\u03ba\u03bf\u03c2 \u039d\u03b1\u03bf\u03cd\u03bc","description":"\u0391\u03b9\u03c3\u03b8\u03b7\u03c4\u03b9\u03ba\u03ae &amp; \u0395\u03c0\u03b1\u03bd\u03bf\u03c1\u03b8\u03c9\u03c4\u03b9\u03ba\u03ae \u0393\u03c5\u03bd\u03b1\u03b9\u03ba\u03bf\u03bb\u03bf\u03b3\u03af\u03b1","publisher":{"@id":"https:\/\/drnikosnaoum.com\/#organization"},"potentialAction":[{"@type":"SearchAction","target":{"@type":"EntryPoint","urlTemplate":"https:\/\/drnikosnaoum.com\/?s={search_term_string}"},"query-input":"required name=search_term_string"}],"inLanguage":"ro-RO"},{"@type":"Organization","@id":"https:\/\/drnikosnaoum.com\/#organization","name":"\u0394\u03c1. \u039d\u03af\u03ba\u03bf\u03c2 \u039d\u03b1\u03bf\u03cd\u03bc","url":"https:\/\/drnikosnaoum.com\/","logo":{"@type":"ImageObject","inLanguage":"ro-RO","@id":"https:\/\/drnikosnaoum.com\/#\/schema\/logo\/image\/","url":"https:\/\/drnikosnaoum.com\/wp-content\/uploads\/2019\/05\/logo-drnikosnaoum-75.png","contentUrl":"https:\/\/drnikosnaoum.com\/wp-content\/uploads\/2019\/05\/logo-drnikosnaoum-75.png","width":148,"height":75,"caption":"\u0394\u03c1. \u039d\u03af\u03ba\u03bf\u03c2 \u039d\u03b1\u03bf\u03cd\u03bc"},"image":{"@id":"https:\/\/drnikosnaoum.com\/#\/schema\/logo\/image\/"},"sameAs":["https:\/\/www.facebook.com\/nikosnaoum.gr","https:\/\/instagram.com\/dr.nikosnaoum","https:\/\/gr.linkedin.com\/in\/dr-nikos-naoum-29b81b172","https:\/\/www.youtube.com\/channel\/UC5lJ6AOFQkPNJ4cernfQTSA"]}]}},"_links":{"self":[{"href":"https:\/\/drnikosnaoum.com\/ro\/wp-json\/wp\/v2\/pages\/6917"}],"collection":[{"href":"https:\/\/drnikosnaoum.com\/ro\/wp-json\/wp\/v2\/pages"}],"about":[{"href":"https:\/\/drnikosnaoum.com\/ro\/wp-json\/wp\/v2\/types\/page"}],"author":[{"embeddable":true,"href":"https:\/\/drnikosnaoum.com\/ro\/wp-json\/wp\/v2\/users\/117"}],"replies":[{"embeddable":true,"href":"https:\/\/drnikosnaoum.com\/ro\/wp-json\/wp\/v2\/comments?post=6917"}],"version-history":[{"count":0,"href":"https:\/\/drnikosnaoum.com\/ro\/wp-json\/wp\/v2\/pages\/6917\/revisions"}],"wp:attachment":[{"href":"https:\/\/drnikosnaoum.com\/ro\/wp-json\/wp\/v2\/media?parent=6917"}],"curies":[{"name":"wp","href":"https:\/\/api.w.org\/{rel}","templated":true}]}}